{"id":1555,"date":"2025-12-04T20:40:41","date_gmt":"2025-12-04T20:40:41","guid":{"rendered":"http:\/\/phospholipidcomplex.com\/?page_id=1555"},"modified":"2025-12-05T11:51:10","modified_gmt":"2025-12-05T11:51:10","slug":"lipoazamal-fosfolipid-complex","status":"publish","type":"page","link":"https:\/\/phospholipidcomplex.com\/?page_id=1555","title":{"rendered":"Lipoazamal Fosfolipid Complex"},"content":{"rendered":"\t\t<div data-elementor-type=\"wp-page\" data-elementor-id=\"1555\" class=\"elementor elementor-1555\">\n\t\t\t\t<div class=\"elementor-element elementor-element-96b3560 e-flex e-con-boxed wpr-particle-no wpr-jarallax-no wpr-parallax-no wpr-sticky-section-no wpr-equal-height-no e-con e-parent\" data-id=\"96b3560\" data-element_type=\"container\" data-e-type=\"container\" data-settings=\"{&quot;background_background&quot;:&quot;classic&quot;}\">\n\t\t\t\t\t<div class=\"e-con-inner\">\n\t\t<div class=\"elementor-element elementor-element-03c1b6a e-con-full e-flex wpr-particle-no wpr-jarallax-no wpr-parallax-no wpr-sticky-section-no wpr-equal-height-no e-con e-child\" data-id=\"03c1b6a\" data-element_type=\"container\" data-e-type=\"container\">\n\t\t\t\t<div class=\"elementor-element elementor-element-d08d386 elementor-widget elementor-widget-heading\" data-id=\"d08d386\" data-element_type=\"widget\" data-e-type=\"widget\" data-widget_type=\"heading.default\">\n\t\t\t\t\t<h1 class=\"elementor-heading-title elementor-size-default\">Lipoazamal Fosfolipid Complex<\/h1>\t\t\t\t<\/div>\n\t\t\t\t<\/div>\n\t\t\t\t\t<\/div>\n\t\t\t\t<\/div>\n\t\t<div class=\"elementor-element elementor-element-92e1a93 e-flex e-con-boxed wpr-particle-no wpr-jarallax-no wpr-parallax-no wpr-sticky-section-no wpr-equal-height-no e-con e-parent\" data-id=\"92e1a93\" data-element_type=\"container\" data-e-type=\"container\" data-settings=\"{&quot;background_background&quot;:&quot;classic&quot;}\">\n\t\t\t\t\t<div class=\"e-con-inner\">\n\t\t<div class=\"elementor-element elementor-element-09c8d6c e-con-full e-flex wpr-particle-no wpr-jarallax-no wpr-parallax-no wpr-sticky-section-no wpr-equal-height-no elementor-invisible e-con e-child\" data-id=\"09c8d6c\" data-element_type=\"container\" data-e-type=\"container\" data-settings=\"{&quot;animation&quot;:&quot;slideInLeft&quot;}\">\n\t\t\t\t<div class=\"elementor-element elementor-element-7d59bec elementor-widget elementor-widget-text-editor\" data-id=\"7d59bec\" data-element_type=\"widget\" data-e-type=\"widget\" data-widget_type=\"text-editor.default\">\n\t\t\t\t\t\t\t\t\t<p>G\u00fcn\u00fcm\u00fczde sa\u011fl\u0131kl\u0131 ya\u015fam\u0131n anahtar\u0131, v\u00fccudumuzun h\u00fccresel seviyede nas\u0131l beslendi\u011fi ve desteklendi\u011fi ile do\u011frudan ba\u011flant\u0131l\u0131d\u0131r. Dr.Maxx olarak geli\u015ftirdi\u011fimiz\u00a0Lipozomal Phospholipid Complex, h\u00fccrelerin en temel yap\u0131 ta\u015flar\u0131ndan biri olan fosfolipidler arac\u0131l\u0131\u011f\u0131yla sa\u011fl\u0131\u011f\u0131 destekleyen, yenilik\u00e7i ve etkili bir takviye edici g\u0131dad\u0131r.<\/p><h3>Lipozomal Teknoloji Nedir ve Neden \u00d6nemlidir?<\/h3><p>Geleneksel besin takviyelerinde kar\u015f\u0131la\u015f\u0131lan en b\u00fcy\u00fck sorun, v\u00fccuda al\u0131nan bile\u015fenlerin yeterince emilememesidir. Lipozomal teknoloji, aktif bile\u015fenleri\u00a0mikroskobik lipid katmanlar\u0131\u00a0(liposomlar) i\u00e7ine hapsederek v\u00fccut taraf\u0131ndan maksimum d\u00fczeyde emilmesini sa\u011flar. Bu teknoloji sayesinde fosfolipidler ve di\u011fer de\u011ferli bile\u015fenler, sindirim s\u00fcrecinde bozulmadan do\u011frudan h\u00fccrelere ta\u015f\u0131n\u0131r.<\/p><h3>Phospholipidlerin Sa\u011fl\u0131k \u00dczerindeki Etkileri<\/h3><p>Fosfolipidler,\u00a0h\u00fccre zarlar\u0131n\u0131n ana bile\u015fenleridir\u00a0ve h\u00fccreler aras\u0131 ileti\u015fimden, beyin fonksiyonlar\u0131na kadar bir\u00e7ok kritik s\u00fcre\u00e7te rol oynarlar. Dr.Maxx Lipozomal Phospholipid Complex i\u00e7eri\u011finde bulunan fosfatidilkolin ve di\u011fer fosfolipid t\u00fcrevleri, h\u00fccresel enerji \u00fcretimini destekleyerek \u00f6zellikle\u00a0beyin sa\u011fl\u0131\u011f\u0131, sinir sistemi, karaci\u011fer fonksiyonlar\u0131 ve genel h\u00fccresel yenilenme\u00a0\u00fczerinde olumlu etkiler sa\u011flar.<\/p><h3>Dr.Maxx Lipozomal Phospholipid Complex\u2019in Avantajlar\u0131<\/h3><ul data-spread=\"false\"><li><p>Y\u00fcksek Biyoyararlan\u0131m:\u00a0Lipozomal form\u00fclasyon sayesinde v\u00fccut taraf\u0131ndan\u00a0h\u0131zl\u0131 ve etkili \u015fekilde emilir.<\/p><\/li><li><p>Beyin ve Sinir Sistemi Deste\u011fi:\u00a0Fosfatidilkolin i\u00e7eri\u011fi ile\u00a0haf\u0131zay\u0131 ve bili\u015fsel fonksiyonlar\u0131\u00a0destekler.<\/p><\/li><li><p>Karaci\u011fer Sa\u011fl\u0131\u011f\u0131n\u0131 Destekler:\u00a0Karaci\u011ferin toksinleri temizleme yetisini art\u0131rarak\u00a0detoksifikasyon s\u00fcrecine\u00a0katk\u0131 sa\u011flar.<\/p><\/li><li><p>H\u00fccresel Yenilenmeyi Destekler:\u00a0H\u00fccre zarlar\u0131n\u0131 g\u00fc\u00e7lendirerek\u00a0gen\u00e7lik ve canl\u0131l\u0131\u011f\u0131\u00a0korur.<\/p><\/li><li><p>Sindirim Dostu:\u00a0Geleneksel takviyelere k\u0131yasla mide hassasiyeti yaratmaz ve sindirim sistemini yormaz.<\/p><\/li><\/ul><h3>Kimler Kullanmal\u0131?<\/h3><p>Dr.Maxx Lipozomal Phospholipid Complex, sa\u011fl\u0131\u011f\u0131n\u0131 desteklemek isteyen herkes i\u00e7in uygundur. \u00d6zellikle:<\/p><ul data-spread=\"false\"><li><p>Yo\u011fun zihinsel \u00e7al\u0131\u015fanlar (\u00f6\u011frenciler, akademisyenler, profesyoneller),<\/p><\/li><li><p>Beyin fonksiyonlar\u0131n\u0131 desteklemek isteyen ya\u015fl\u0131 bireyler,<\/p><\/li><li><p>Karaci\u011fer sa\u011fl\u0131\u011f\u0131n\u0131 korumak ve detoksifikasyonu desteklemek isteyenler,<\/p><\/li><li><p>V\u00fccudunun h\u00fccresel seviyede g\u00fc\u00e7l\u00fc ve sa\u011fl\u0131kl\u0131 kalmas\u0131n\u0131 isteyen herkes\u00a0i\u00e7in ideal bir takviyedir.<\/p><\/li><\/ul><h3>Dr.Maxx Kalitesi ile G\u00fcvenilir ve Etkili<\/h3><p>Dr.Maxx olarak her \u00fcr\u00fcn\u00fcm\u00fczde oldu\u011fu gibi\u00a0Lipozomal Phospholipid Complex\u2019i\u00a0de\u00a0y\u00fcksek kalite standartlar\u0131\u00a0ile \u00fcretiyoruz. \u0130\u00e7eri\u011finde herhangi bir\u00a0koruyucu, yapay tatland\u0131r\u0131c\u0131 veya gereksiz katk\u0131 maddesi\u00a0bulundurmayan bu \u00fcr\u00fcn, do\u011fal ve etkili bir fosfolipid deste\u011fi sunar.<\/p>\t\t\t\t\t\t\t\t<\/div>\n\t\t\t\t<\/div>\n\t\t\t\t\t<\/div>\n\t\t\t\t<\/div>\n\t\t\t\t<\/div>\n\t\t","protected":false},"excerpt":{"rendered":"<p>Lipoazamal Fosfolipid Complex G\u00fcn\u00fcm\u00fczde sa\u011fl\u0131kl\u0131 ya\u015fam\u0131n anahtar\u0131, v\u00fccudumuzun h\u00fccresel seviyede nas\u0131l beslendi\u011fi ve desteklendi\u011fi ile do\u011frudan ba\u011flant\u0131l\u0131d\u0131r. Dr.Maxx olarak geli\u015ftirdi\u011fimiz\u00a0Lipozomal Phospholipid Complex, h\u00fccrelerin en temel yap\u0131 ta\u015flar\u0131ndan biri olan fosfolipidler arac\u0131l\u0131\u011f\u0131yla sa\u011fl\u0131\u011f\u0131 destekleyen, yenilik\u00e7i ve etkili bir takviye edici g\u0131dad\u0131r. Lipozomal Teknoloji Nedir ve Neden \u00d6nemlidir? Geleneksel besin takviyelerinde kar\u015f\u0131la\u015f\u0131lan en b\u00fcy\u00fck sorun, v\u00fccuda al\u0131nan bile\u015fenlerin yeterince emilememesidir. Lipozomal teknoloji, aktif bile\u015fenleri\u00a0mikroskobik lipid katmanlar\u0131\u00a0(liposomlar) i\u00e7ine hapsederek v\u00fccut taraf\u0131ndan maksimum d\u00fczeyde emilmesini sa\u011flar. Bu teknoloji sayesinde fosfolipidler ve di\u011fer de\u011ferli bile\u015fenler, sindirim s\u00fcrecinde bozulmadan do\u011frudan h\u00fccrelere ta\u015f\u0131n\u0131r. Phospholipidlerin Sa\u011fl\u0131k \u00dczerindeki Etkileri Fosfolipidler,\u00a0h\u00fccre zarlar\u0131n\u0131n ana bile\u015fenleridir\u00a0ve h\u00fccreler aras\u0131 ileti\u015fimden, beyin fonksiyonlar\u0131na kadar bir\u00e7ok kritik s\u00fcre\u00e7te rol oynarlar. Dr.Maxx Lipozomal Phospholipid Complex i\u00e7eri\u011finde bulunan fosfatidilkolin ve di\u011fer fosfolipid t\u00fcrevleri, h\u00fccresel enerji \u00fcretimini destekleyerek \u00f6zellikle\u00a0beyin sa\u011fl\u0131\u011f\u0131, sinir sistemi, karaci\u011fer fonksiyonlar\u0131 ve genel h\u00fccresel yenilenme\u00a0\u00fczerinde olumlu etkiler sa\u011flar. Dr.Maxx Lipozomal Phospholipid Complex\u2019in Avantajlar\u0131 Y\u00fcksek Biyoyararlan\u0131m:\u00a0Lipozomal form\u00fclasyon sayesinde v\u00fccut taraf\u0131ndan\u00a0h\u0131zl\u0131 ve etkili \u015fekilde emilir. Beyin ve Sinir Sistemi Deste\u011fi:\u00a0Fosfatidilkolin i\u00e7eri\u011fi ile\u00a0haf\u0131zay\u0131 ve bili\u015fsel fonksiyonlar\u0131\u00a0destekler. Karaci\u011fer Sa\u011fl\u0131\u011f\u0131n\u0131 Destekler:\u00a0Karaci\u011ferin toksinleri temizleme yetisini art\u0131rarak\u00a0detoksifikasyon s\u00fcrecine\u00a0katk\u0131 sa\u011flar. H\u00fccresel Yenilenmeyi Destekler:\u00a0H\u00fccre zarlar\u0131n\u0131 g\u00fc\u00e7lendirerek\u00a0gen\u00e7lik ve canl\u0131l\u0131\u011f\u0131\u00a0korur. Sindirim Dostu:\u00a0Geleneksel takviyelere k\u0131yasla mide hassasiyeti yaratmaz ve sindirim sistemini yormaz. Kimler Kullanmal\u0131? Dr.Maxx Lipozomal Phospholipid Complex, sa\u011fl\u0131\u011f\u0131n\u0131 desteklemek isteyen herkes i\u00e7in uygundur. \u00d6zellikle: Yo\u011fun zihinsel \u00e7al\u0131\u015fanlar (\u00f6\u011frenciler, akademisyenler, profesyoneller), Beyin fonksiyonlar\u0131n\u0131 desteklemek isteyen ya\u015fl\u0131 bireyler, Karaci\u011fer sa\u011fl\u0131\u011f\u0131n\u0131 korumak ve detoksifikasyonu desteklemek isteyenler, V\u00fccudunun h\u00fccresel seviyede g\u00fc\u00e7l\u00fc ve sa\u011fl\u0131kl\u0131 kalmas\u0131n\u0131 isteyen herkes\u00a0i\u00e7in ideal bir takviyedir. Dr.Maxx Kalitesi ile G\u00fcvenilir ve Etkili Dr.Maxx olarak her \u00fcr\u00fcn\u00fcm\u00fczde oldu\u011fu gibi\u00a0Lipozomal Phospholipid Complex\u2019i\u00a0de\u00a0y\u00fcksek kalite standartlar\u0131\u00a0ile \u00fcretiyoruz. \u0130\u00e7eri\u011finde herhangi bir\u00a0koruyucu, yapay tatland\u0131r\u0131c\u0131 veya gereksiz katk\u0131 maddesi\u00a0bulundurmayan bu \u00fcr\u00fcn, do\u011fal ve etkili bir fosfolipid deste\u011fi sunar.<\/p>\n","protected":false},"author":1,"featured_media":0,"parent":0,"menu_order":0,"comment_status":"closed","ping_status":"closed","template":"elementor_canvas","meta":{"footnotes":""},"class_list":["post-1555","page","type-page","status-publish","hentry"],"acf":[],"_links":{"self":[{"href":"https:\/\/phospholipidcomplex.com\/index.php?rest_route=\/wp\/v2\/pages\/1555","targetHints":{"allow":["GET"]}}],"collection":[{"href":"https:\/\/phospholipidcomplex.com\/index.php?rest_route=\/wp\/v2\/pages"}],"about":[{"href":"https:\/\/phospholipidcomplex.com\/index.php?rest_route=\/wp\/v2\/types\/page"}],"author":[{"embeddable":true,"href":"https:\/\/phospholipidcomplex.com\/index.php?rest_route=\/wp\/v2\/users\/1"}],"replies":[{"embeddable":true,"href":"https:\/\/phospholipidcomplex.com\/index.php?rest_route=%2Fwp%2Fv2%2Fcomments&post=1555"}],"version-history":[{"count":10,"href":"https:\/\/phospholipidcomplex.com\/index.php?rest_route=\/wp\/v2\/pages\/1555\/revisions"}],"predecessor-version":[{"id":1667,"href":"https:\/\/phospholipidcomplex.com\/index.php?rest_route=\/wp\/v2\/pages\/1555\/revisions\/1667"}],"wp:attachment":[{"href":"https:\/\/phospholipidcomplex.com\/index.php?rest_route=%2Fwp%2Fv2%2Fmedia&parent=1555"}],"curies":[{"name":"wp","href":"https:\/\/api.w.org\/{rel}","templated":true}]}}