{"id":1550,"date":"2025-12-04T20:38:55","date_gmt":"2025-12-04T20:38:55","guid":{"rendered":"http:\/\/phospholipidcomplex.com\/?page_id=1550"},"modified":"2025-12-05T11:51:25","modified_gmt":"2025-12-05T11:51:25","slug":"hakkimizda","status":"publish","type":"page","link":"https:\/\/phospholipidcomplex.com\/?page_id=1550","title":{"rendered":"Hakk\u0131m\u0131zda"},"content":{"rendered":"\t\t<div data-elementor-type=\"wp-page\" data-elementor-id=\"1550\" class=\"elementor elementor-1550\">\n\t\t\t\t<div class=\"elementor-element elementor-element-96b3560 e-flex e-con-boxed wpr-particle-no wpr-jarallax-no wpr-parallax-no wpr-sticky-section-no wpr-equal-height-no e-con e-parent\" data-id=\"96b3560\" data-element_type=\"container\" data-e-type=\"container\" data-settings=\"{&quot;background_background&quot;:&quot;classic&quot;}\">\n\t\t\t\t\t<div class=\"e-con-inner\">\n\t\t<div class=\"elementor-element elementor-element-03c1b6a e-con-full e-flex wpr-particle-no wpr-jarallax-no wpr-parallax-no wpr-sticky-section-no wpr-equal-height-no e-con e-child\" data-id=\"03c1b6a\" data-element_type=\"container\" data-e-type=\"container\">\n\t\t\t\t<div class=\"elementor-element elementor-element-d08d386 elementor-widget elementor-widget-heading\" data-id=\"d08d386\" data-element_type=\"widget\" data-e-type=\"widget\" data-widget_type=\"heading.default\">\n\t\t\t\t\t<h1 class=\"elementor-heading-title elementor-size-default\">Hakk\u0131m\u0131zda<\/h1>\t\t\t\t<\/div>\n\t\t\t\t<\/div>\n\t\t\t\t\t<\/div>\n\t\t\t\t<\/div>\n\t\t<div class=\"elementor-element elementor-element-92e1a93 e-flex e-con-boxed wpr-particle-no wpr-jarallax-no wpr-parallax-no wpr-sticky-section-no wpr-equal-height-no e-con e-parent\" data-id=\"92e1a93\" data-element_type=\"container\" data-e-type=\"container\" data-settings=\"{&quot;background_background&quot;:&quot;classic&quot;}\">\n\t\t\t\t\t<div class=\"e-con-inner\">\n\t\t<div class=\"elementor-element elementor-element-09c8d6c e-con-full e-flex wpr-particle-no wpr-jarallax-no wpr-parallax-no wpr-sticky-section-no wpr-equal-height-no elementor-invisible e-con e-child\" data-id=\"09c8d6c\" data-element_type=\"container\" data-e-type=\"container\" data-settings=\"{&quot;animation&quot;:&quot;slideInLeft&quot;}\">\n\t\t\t\t<div class=\"elementor-element elementor-element-7d59bec elementor-widget elementor-widget-text-editor\" data-id=\"7d59bec\" data-element_type=\"widget\" data-e-type=\"widget\" data-widget_type=\"text-editor.default\">\n\t\t\t\t\t\t\t\t\t<h3>Yolculu\u011fumuz<\/h3><p>Firmam\u0131z 2012 y\u0131l\u0131nda \u0130la\u00e7 sekt\u00f6r\u00fcnde de\u011fer \u00fcreten sa\u011fl\u0131k profesyonelleri taraf\u0131ndan kurulmu\u015ftur.<\/p><p>DRMAXX kurulu\u015fundan bu yana T\u00fcrkiye \u0130la\u00e7 Pazar\u0131\u2019n\u0131n istikrarl\u0131 b\u00fcy\u00fcyen, d\u00fcnyadaki sa\u011fl\u0131k alan\u0131nda geli\u015fmeleri yak\u0131ndan takip eden, ba\u015flad\u0131\u011f\u0131 g\u00fcnden itibaren kaliteyi ya\u015fam tarz\u0131 olarak benimsemi\u015f ve y\u0131llar\u0131n verdi\u011fi deneyim ve uzmanl\u0131\u011fa dayanarak m\u00fc\u015fteri memnuniyetini \u00f6n planda tutan, insan sa\u011fl\u0131\u011f\u0131na katk\u0131da bulunmay\u0131 temel ama\u00e7 edinmi\u015f yenilik\u00e7i ve inovatif bir kurulu\u015ftur.<\/p><p>Bulundu\u011fumuz pazarlarda en iyi \u00fcr\u00fcnleri hekimlerimizin kullan\u0131m\u0131na sunmak i\u00e7in hi\u00e7 durmadan \u00e7al\u0131\u015f\u0131yor, daima m\u00fc\u015fterilerimizin beklentilerini a\u015fmak i\u00e7in gayret ediyor, ayn\u0131 zamanda yapt\u0131\u011f\u0131m\u0131z her i\u015fte sorumlulu\u011fumuzun bilincinde olarak hareket ediyoruz.<\/p><p>\u00c7al\u0131\u015fanlar\u0131m\u0131zla, m\u00fc\u015fterilerimizle, t\u00fcm kurum ve ki\u015filerle kar\u015f\u0131l\u0131kl\u0131 sayg\u0131 ve g\u00fcvene dayal\u0131 ili\u015fkiler y\u00fcr\u00fctmekteyiz.<\/p><p>DRMAXX 2017 y\u0131l\u0131nda Ulusal sat\u0131\u015f ve pazarlama organizasyonunu kurmu\u015f,2018 y\u0131l\u0131yla birlikte pazarlama faaliyetlerini g\u00fc\u00e7lendirmi\u015f, Sa\u011fl\u0131kta fark yaratan 30 un \u00fczerinde g\u0131da takviyesi ile T\u00fcm T\u00fcrkiye de faaliyetlerini s\u00fcrd\u00fcrmektedir.<\/p><div class=\"container\"><div class=\"row\"><div class=\"col-md-6\"><h3>Vizyonumuz<\/h3><p>T\u00fcm d\u00fcnyada sa\u011fl\u0131k alan\u0131nda geli\u015fmeleri yak\u0131ndan takip eden, inovatif \u00fcr\u00fcnleri en y\u00fcksek standartlarda \u00fcreterek, insanl\u0131\u011f\u0131n hizmetine sunmak, kendi i\u015f alan\u0131nda lider bir kurum olmakt\u0131r.<\/p><\/div><div class=\"col-md-6\"><h3>Misyonumuz<\/h3><p>T\u00fcm \u00e7al\u0131\u015fanlar\u0131m\u0131zla birlikte, i\u015fimizi tutkuyla do\u011fru olan\u0131 yapmak i\u00e7in \u00e7al\u0131\u015fmak\u2026 \u00dcr\u00fcn ve hizmet kalitemizi s\u00fcrekli geli\u015ftirmek i\u00e7in, t\u00fcm payda\u015flar\u0131m\u0131zla en sa\u011fl\u0131kl\u0131 olan\u0131 \u00fcretmek i\u00e7in \u00e7al\u0131\u015fmak\u2026<\/p><\/div><\/div><\/div>\t\t\t\t\t\t\t\t<\/div>\n\t\t\t\t<\/div>\n\t\t\t\t\t<\/div>\n\t\t\t\t<\/div>\n\t\t\t\t<\/div>\n\t\t","protected":false},"excerpt":{"rendered":"<p>Hakk\u0131m\u0131zda Yolculu\u011fumuz Firmam\u0131z 2012 y\u0131l\u0131nda \u0130la\u00e7 sekt\u00f6r\u00fcnde de\u011fer \u00fcreten sa\u011fl\u0131k profesyonelleri taraf\u0131ndan kurulmu\u015ftur. DRMAXX kurulu\u015fundan bu yana T\u00fcrkiye \u0130la\u00e7 Pazar\u0131\u2019n\u0131n istikrarl\u0131 b\u00fcy\u00fcyen, d\u00fcnyadaki sa\u011fl\u0131k alan\u0131nda geli\u015fmeleri yak\u0131ndan takip eden, ba\u015flad\u0131\u011f\u0131 g\u00fcnden itibaren kaliteyi ya\u015fam tarz\u0131 olarak benimsemi\u015f ve y\u0131llar\u0131n verdi\u011fi deneyim ve uzmanl\u0131\u011fa dayanarak m\u00fc\u015fteri memnuniyetini \u00f6n planda tutan, insan sa\u011fl\u0131\u011f\u0131na katk\u0131da bulunmay\u0131 temel ama\u00e7 edinmi\u015f yenilik\u00e7i ve inovatif bir kurulu\u015ftur. Bulundu\u011fumuz pazarlarda en iyi \u00fcr\u00fcnleri hekimlerimizin kullan\u0131m\u0131na sunmak i\u00e7in hi\u00e7 durmadan \u00e7al\u0131\u015f\u0131yor, daima m\u00fc\u015fterilerimizin beklentilerini a\u015fmak i\u00e7in gayret ediyor, ayn\u0131 zamanda yapt\u0131\u011f\u0131m\u0131z her i\u015fte sorumlulu\u011fumuzun bilincinde olarak hareket ediyoruz. \u00c7al\u0131\u015fanlar\u0131m\u0131zla, m\u00fc\u015fterilerimizle, t\u00fcm kurum ve ki\u015filerle kar\u015f\u0131l\u0131kl\u0131 sayg\u0131 ve g\u00fcvene dayal\u0131 ili\u015fkiler y\u00fcr\u00fctmekteyiz. DRMAXX 2017 y\u0131l\u0131nda Ulusal sat\u0131\u015f ve pazarlama organizasyonunu kurmu\u015f,2018 y\u0131l\u0131yla birlikte pazarlama faaliyetlerini g\u00fc\u00e7lendirmi\u015f, Sa\u011fl\u0131kta fark yaratan 30 un \u00fczerinde g\u0131da takviyesi ile T\u00fcm T\u00fcrkiye de faaliyetlerini s\u00fcrd\u00fcrmektedir. Vizyonumuz T\u00fcm d\u00fcnyada sa\u011fl\u0131k alan\u0131nda geli\u015fmeleri yak\u0131ndan takip eden, inovatif \u00fcr\u00fcnleri en y\u00fcksek standartlarda \u00fcreterek, insanl\u0131\u011f\u0131n hizmetine sunmak, kendi i\u015f alan\u0131nda lider bir kurum olmakt\u0131r. Misyonumuz T\u00fcm \u00e7al\u0131\u015fanlar\u0131m\u0131zla birlikte, i\u015fimizi tutkuyla do\u011fru olan\u0131 yapmak i\u00e7in \u00e7al\u0131\u015fmak\u2026 \u00dcr\u00fcn ve hizmet kalitemizi s\u00fcrekli geli\u015ftirmek i\u00e7in, t\u00fcm payda\u015flar\u0131m\u0131zla en sa\u011fl\u0131kl\u0131 olan\u0131 \u00fcretmek i\u00e7in \u00e7al\u0131\u015fmak\u2026<\/p>\n","protected":false},"author":1,"featured_media":0,"parent":0,"menu_order":0,"comment_status":"closed","ping_status":"closed","template":"elementor_canvas","meta":{"footnotes":""},"class_list":["post-1550","page","type-page","status-publish","hentry"],"acf":[],"_links":{"self":[{"href":"https:\/\/phospholipidcomplex.com\/index.php?rest_route=\/wp\/v2\/pages\/1550","targetHints":{"allow":["GET"]}}],"collection":[{"href":"https:\/\/phospholipidcomplex.com\/index.php?rest_route=\/wp\/v2\/pages"}],"about":[{"href":"https:\/\/phospholipidcomplex.com\/index.php?rest_route=\/wp\/v2\/types\/page"}],"author":[{"embeddable":true,"href":"https:\/\/phospholipidcomplex.com\/index.php?rest_route=\/wp\/v2\/users\/1"}],"replies":[{"embeddable":true,"href":"https:\/\/phospholipidcomplex.com\/index.php?rest_route=%2Fwp%2Fv2%2Fcomments&post=1550"}],"version-history":[{"count":7,"href":"https:\/\/phospholipidcomplex.com\/index.php?rest_route=\/wp\/v2\/pages\/1550\/revisions"}],"predecessor-version":[{"id":1670,"href":"https:\/\/phospholipidcomplex.com\/index.php?rest_route=\/wp\/v2\/pages\/1550\/revisions\/1670"}],"wp:attachment":[{"href":"https:\/\/phospholipidcomplex.com\/index.php?rest_route=%2Fwp%2Fv2%2Fmedia&parent=1550"}],"curies":[{"name":"wp","href":"https:\/\/api.w.org\/{rel}","templated":true}]}}